{"id":2310,"date":"2016-04-07T09:13:19","date_gmt":"2016-04-07T09:13:19","guid":{"rendered":"http:\/\/themes.muffingroup.com\/be\/eco\/?page_id=2"},"modified":"2025-07-03T03:34:34","modified_gmt":"2025-07-03T03:34:34","slug":"home","status":"publish","type":"page","link":"https:\/\/www.forestalfadepa.com\/fadepa\/","title":{"rendered":"Fadepa"},"content":{"rendered":"<p>Forestal FadepaSomos una empresa familiar, que lleva m\u00e1s de 25 a\u00f1os innovando en el rubro silv\u00edcola, con faenas presentes principalmente en la Regi\u00f3n del Biob\u00edo, reconocidos por nuestro alto est\u00e1ndares de calidad, seguridad y productividad. Cont\u00e1ctanosForestal FadepaSomos una empresa familiar, que lleva m\u00e1s de 25 a\u00f1os innovando en el rubro silv\u00edcola, con faenas presentes principalmente en la Regi\u00f3n del Biob\u00edo, reconocidos por nuestro alto est\u00e1ndares de calidad, seguridad y productividad. Cont\u00e1ctanos\t\t\t\t<\/p>\n<h2>Nosotros<\/h2>\n<p>\t\t\t\t<svg aria-hidden=\"true\" viewBox=\"0 0 640 512\" xmlns=\"http:\/\/www.w3.org\/2000\/svg\"><path d=\"M128 96c26.5 0 48-21.5 48-48S154.5 0 128 0 80 21.5 80 48s21.5 48 48 48zm384 0c26.5 0 48-21.5 48-48S538.5 0 512 0s-48 21.5-48 48 21.5 48 48 48zm125.7 372.1l-44-110-41.1 46.4-2 18.2 27.7 69.2c5 12.5 17 20.1 29.7 20.1 4 0 8-.7 11.9-2.3 16.4-6.6 24.4-25.2 17.8-41.6zm-34.2-209.8L585 178.1c-4.6-20-18.6-36.8-37.5-44.9-18.5-8-39-6.7-56.1 3.3-22.7 13.4-39.7 34.5-48.1 59.4L432 229.8 416 240v-96c0-8.8-7.2-16-16-16H240c-8.8 0-16 7.2-16 16v96l-16.1-10.2-11.3-33.9c-8.3-25-25.4-46-48.1-59.4-17.2-10-37.6-11.3-56.1-3.3-18.9 8.1-32.9 24.9-37.5 44.9l-18.4 80.2c-4.6 20 .7 41.2 14.4 56.7l67.2 75.9 10.1 92.6C130 499.8 143.8 512 160 512c1.2 0 2.3-.1 3.5-.2 17.6-1.9 30.2-17.7 28.3-35.3l-10.1-92.8c-1.5-13-6.9-25.1-15.6-35l-43.3-49 17.6-70.3 6.8 20.4c4.1 12.5 11.9 23.4 24.5 32.6l51.1 32.5c4.6 2.9 12.1 4.6 17.2 5h160c5.1-.4 12.6-2.1 17.2-5l51.1-32.5c12.6-9.2 20.4-20 24.5-32.6l6.8-20.4 17.6 70.3-43.3 49c-8.7 9.9-14.1 22-15.6 35l-10.1 92.8c-1.9 17.6 10.8 33.4 28.3 35.3 1.2.1 2.3.2 3.5.2 16.1 0 30-12.1 31.8-28.5l10.1-92.6 67.2-75.9c13.6-15.5 19-36.7 14.4-56.7zM46.3 358.1l-44 110c-6.6 16.4 1.4 35 17.8 41.6 16.8 6.6 35.1-1.7 41.6-17.8l27.7-69.2-2-18.2-41.1-46.4z\"><\/path><\/svg>\t\t\t\t<\/p>\n<h3>\n\t\t\t\t\t\t\tVisi\u00f3n<br \/>\n\t\t\t\t\t<\/h3>\n<p>Mantener una empresa s\u00f3lida de Servicios Forestales, referente en el sector a mediano y largo plazo, l\u00edder en confiabilidad, calidad y socialmente responsable.<\/p>\n<p>Mantener una empresa <b>competitiva<\/b> con la principal preocupaci\u00f3n en la Seguridad, Capacitaci\u00f3n y Certificaci\u00f3n de nuestro personal, adem\u00e1s de la Productividad y Cuidado del Medio Ambiente. Para lograrlo, contamos con personal altamente calificado y en constante aprendizaje.<\/p>\n<p>Todo esto en un ambiente solidario y creativo, con sus representantes y trabajadores, liderando el desarrollo con profesionalismo, voluntad, dedicaci\u00f3n\u00a0 y responsabilidad social<\/p>\n<p>\t\t\t\t<svg aria-hidden=\"true\" viewBox=\"0 0 576 512\" xmlns=\"http:\/\/www.w3.org\/2000\/svg\"><path d=\"M96,128A64,64,0,1,0,32,64,64,64,0,0,0,96,128Zm0,176.08a44.11,44.11,0,0,1,13.64-32L181.77,204c1.65-1.55,3.77-2.31,5.61-3.57A63.91,63.91,0,0,0,128,160H64A64,64,0,0,0,0,224v96a32,32,0,0,0,32,32V480a32,32,0,0,0,32,32h64a32,32,0,0,0,32-32V383.61l-50.36-47.53A44.08,44.08,0,0,1,96,304.08ZM480,128a64,64,0,1,0-64-64A64,64,0,0,0,480,128Zm32,32H448a63.91,63.91,0,0,0-59.38,40.42c1.84,1.27,4,2,5.62,3.59l72.12,68.06a44.37,44.37,0,0,1,0,64L416,383.62V480a32,32,0,0,0,32,32h64a32,32,0,0,0,32-32V352a32,32,0,0,0,32-32V224A64,64,0,0,0,512,160ZM444.4,295.34l-72.12-68.06A12,12,0,0,0,352,236v36H224V236a12,12,0,0,0-20.28-8.73L131.6,295.34a12.4,12.4,0,0,0,0,17.47l72.12,68.07A12,12,0,0,0,224,372.14V336H352v36.14a12,12,0,0,0,20.28,8.74l72.12-68.07A12.4,12.4,0,0,0,444.4,295.34Z\"><\/path><\/svg>\t\t\t\t<\/p>\n<h3>\n\t\t\t\t\t\t\tMisi\u00f3n<br \/>\n\t\t\t\t\t<\/h3>\n<ul>\n<li>\n\t\t\t\t\t\t\t<svg aria-hidden=\"true\" viewBox=\"0 0 512 512\" xmlns=\"http:\/\/www.w3.org\/2000\/svg\"><path d=\"M256 8C119 8 8 119 8 256s111 248 248 248 248-111 248-248S393 8 256 8z\"><\/path><\/svg><br \/>\n\t\t\t\t\t\t\t\t\t\tResponsables con nuestros Clientes, Colaboradores y el Medio Ambiente.\n\t\t\t\t\t\t\t\t\t<\/li>\n<li>\n\t\t\t\t\t\t\t<svg aria-hidden=\"true\" viewBox=\"0 0 512 512\" xmlns=\"http:\/\/www.w3.org\/2000\/svg\"><path d=\"M256 8C119 8 8 119 8 256s111 248 248 248 248-111 248-248S393 8 256 8z\"><\/path><\/svg><br \/>\n\t\t\t\t\t\t\t\t\t\tPromovemos el respeto dentro de la organizaci\u00f3n.\n\t\t\t\t\t\t\t\t\t<\/li>\n<li>\n\t\t\t\t\t\t\t<svg aria-hidden=\"true\" viewBox=\"0 0 512 512\" xmlns=\"http:\/\/www.w3.org\/2000\/svg\"><path d=\"M256 8C119 8 8 119 8 256s111 248 248 248 248-111 248-248S393 8 256 8z\"><\/path><\/svg><br \/>\n\t\t\t\t\t\t\t\t\t\tToleramos y comprendemos las ideas de todas y todos.\n\t\t\t\t\t\t\t\t\t<\/li>\n<li>\n\t\t\t\t\t\t\t<svg aria-hidden=\"true\" viewBox=\"0 0 512 512\" xmlns=\"http:\/\/www.w3.org\/2000\/svg\"><path d=\"M256 8C119 8 8 119 8 256s111 248 248 248 248-111 248-248S393 8 256 8z\"><\/path><\/svg><br \/>\n\t\t\t\t\t\t\t\t\t\tSomos honestos con quienes componen nuestra empresa.\n\t\t\t\t\t\t\t\t\t<\/li>\n<\/ul>\n<p>\t\t\t\t<svg aria-hidden=\"true\" viewBox=\"0 0 640 512\" xmlns=\"http:\/\/www.w3.org\/2000\/svg\"><path d=\"M96 224c35.3 0 64-28.7 64-64s-28.7-64-64-64-64 28.7-64 64 28.7 64 64 64zm448 0c35.3 0 64-28.7 64-64s-28.7-64-64-64-64 28.7-64 64 28.7 64 64 64zm32 32h-64c-17.6 0-33.5 7.1-45.1 18.6 40.3 22.1 68.9 62 75.1 109.4h66c17.7 0 32-14.3 32-32v-32c0-35.3-28.7-64-64-64zm-256 0c61.9 0 112-50.1 112-112S381.9 32 320 32 208 82.1 208 144s50.1 112 112 112zm76.8 32h-8.3c-20.8 10-43.9 16-68.5 16s-47.6-6-68.5-16h-8.3C179.6 288 128 339.6 128 403.2V432c0 26.5 21.5 48 48 48h288c26.5 0 48-21.5 48-48v-28.8c0-63.6-51.6-115.2-115.2-115.2zm-223.7-13.4C161.5 263.1 145.6 256 128 256H64c-35.3 0-64 28.7-64 64v32c0 17.7 14.3 32 32 32h65.9c6.3-47.4 34.9-87.3 75.2-109.4z\"><\/path><\/svg>\t\t\t\t<\/p>\n<h3>\n\t\t\t\t\t\t\tNuestros Valores<br \/>\n\t\t\t\t\t<\/h3>\n<h3>\n\t\t\t\t\tNuestras<br \/>\n\t\t\t\tBetter<br \/>\n\t\t\t\tBigger<br \/>\n\t\t\t\tFaster<br \/>\n\t\t\t\t<\/h3>\n<h2>Habilitaci\u00f3n<\/h2>\n<p>\t\t\t\t\t\tPreparaci\u00f3n y habilitaci\u00f3n manual de terrenos para establecer futuras plantaciones. \t\t\t\t\t<\/p>\n<p>Faena de Roce y construcci\u00f3n de fajas, l\u00edneas de 1 metro de ancho perpendiculares a curvas de nivel.<\/p>\n<p>Cortafuegos y reducci\u00f3n de combustibles para prevenci\u00f3n de incendios.<\/p>\n<h2>Plantaci\u00f3n<\/h2>\n<p>\t\t\t\t\t\tEstablecimiento de plantaciones de especies requeridas por nuestros clientes. \t\t\t\t\t<\/p>\n<p>Plantaci\u00f3n de Eucaliptus SP y Pinus Radiata, entre otros. De acuerdo con las densidades requeridas.<\/p>\n<h2>Fertilizaci\u00f3n<\/h2>\n<p>\t\t\t\t\t\tFertilizaci\u00f3n manual de plantaciones, principalmente eucaliptus, con el objetivo de mejorar las condiciones nutricionales de suelos forestales. \t\t\t\t\t<\/p>\n<p>Servicio integral de Aplicaci\u00f3n de Mezclas NPK y\/o Boro al establecimiento o mitad de rotaci\u00f3n en Pino y Eucaliptus.<\/p>\n<h2>Control Qu\u00edmico de Malezas<\/h2>\n<p>\t\t\t\t\t\tControl de malezas previa y posterior en plantaciones de Pino y Eucaliptus, con el fin de minimizar la competencia sobre las especies plantadas\t\t\t\t\t<\/p>\n<p>Servicio Integral de Control Qu\u00edmico de Malezas en Pino radiata y Eucaliptus en:<\/p>\n<ul>\n<li>Pre Plantaci\u00f3n<\/li>\n<li>Post Plantaci\u00f3n<\/li>\n<\/ul>\n<p>Mediante la utilizaci\u00f3n de Bombas de Espalda El\u00e9ctricas (Pulmic), que mejoran la homogeneidad de la aplicaci\u00f3n, optimizando recursos tanto humanos como qu\u00edmicos.<\/p>\n<p>Control Qu\u00edmico Integral A\u00e9reo de pre plantaci\u00f3n mediando Drones. Utilizando equipos DJI serie Agras. Piloteados por personal capacitado y acreditado por la DGAC.<\/p>\n<h2>Nuestro Equipo<\/h2>\n<p>\t\t\t\t\t\t\t<a href=\"https:\/\/www.forestalfadepa.com\/fadepa\/wp-content\/uploads\/2018\/08\/image07.jpg\" data-elementor-open-lightbox=\"yes\" data-elementor-lightbox-slideshow=\"all-d1c2a0f\" data-elementor-lightbox-title=\"image07\" data-e-action-hash=\"#elementor-action%3Aaction%3Dlightbox%26settings%3DeyJpZCI6MjM2NSwidXJsIjoiaHR0cHM6XC9cL3d3dy5mb3Jlc3RhbGZhZGVwYS5jb21cL2ZhZGVwYVwvd3AtY29udGVudFwvdXBsb2Fkc1wvMjAxOFwvMDhcL2ltYWdlMDcuanBnIiwic2xpZGVzaG93IjoiYWxsLWQxYzJhMGYifQ%3D%3D\"><br \/>\n\t\t\t\t\t\t\t\t\t\t\t\t\t\t<\/a><br \/>\n\t\t\t\t\t\t\t<a href=\"https:\/\/www.forestalfadepa.com\/fadepa\/wp-content\/uploads\/2018\/08\/image06.jpg\" data-elementor-open-lightbox=\"yes\" data-elementor-lightbox-slideshow=\"all-d1c2a0f\" data-elementor-lightbox-title=\"image06\" data-e-action-hash=\"#elementor-action%3Aaction%3Dlightbox%26settings%3DeyJpZCI6MjM2NCwidXJsIjoiaHR0cHM6XC9cL3d3dy5mb3Jlc3RhbGZhZGVwYS5jb21cL2ZhZGVwYVwvd3AtY29udGVudFwvdXBsb2Fkc1wvMjAxOFwvMDhcL2ltYWdlMDYuanBnIiwic2xpZGVzaG93IjoiYWxsLWQxYzJhMGYifQ%3D%3D\"><br \/>\n\t\t\t\t\t\t\t\t\t\t\t\t\t\t<\/a><br \/>\n\t\t\t\t\t\t\t<a href=\"https:\/\/www.forestalfadepa.com\/fadepa\/wp-content\/uploads\/2018\/08\/image01-1.jpg\" data-elementor-open-lightbox=\"yes\" data-elementor-lightbox-slideshow=\"all-d1c2a0f\" data-elementor-lightbox-title=\"image01\" data-e-action-hash=\"#elementor-action%3Aaction%3Dlightbox%26settings%3DeyJpZCI6MjM1OSwidXJsIjoiaHR0cHM6XC9cL3d3dy5mb3Jlc3RhbGZhZGVwYS5jb21cL2ZhZGVwYVwvd3AtY29udGVudFwvdXBsb2Fkc1wvMjAxOFwvMDhcL2ltYWdlMDEtMS5qcGciLCJzbGlkZXNob3ciOiJhbGwtZDFjMmEwZiJ9\"><br \/>\n\t\t\t\t\t\t\t\t\t\t\t\t\t\t<\/a><br \/>\n\t\t\t\t\t\t\t<a href=\"https:\/\/www.forestalfadepa.com\/fadepa\/wp-content\/uploads\/2018\/08\/image02-1.jpg\" data-elementor-open-lightbox=\"yes\" data-elementor-lightbox-slideshow=\"all-d1c2a0f\" data-elementor-lightbox-title=\"image02\" data-e-action-hash=\"#elementor-action%3Aaction%3Dlightbox%26settings%3DeyJpZCI6MjM2MCwidXJsIjoiaHR0cHM6XC9cL3d3dy5mb3Jlc3RhbGZhZGVwYS5jb21cL2ZhZGVwYVwvd3AtY29udGVudFwvdXBsb2Fkc1wvMjAxOFwvMDhcL2ltYWdlMDItMS5qcGciLCJzbGlkZXNob3ciOiJhbGwtZDFjMmEwZiJ9\"><br \/>\n\t\t\t\t\t\t\t\t\t\t\t\t\t\t<\/a><br \/>\n\t\t\t\t\t\t\t<a href=\"https:\/\/www.forestalfadepa.com\/fadepa\/wp-content\/uploads\/2018\/08\/image04-1.jpg\" data-elementor-open-lightbox=\"yes\" data-elementor-lightbox-slideshow=\"all-d1c2a0f\" data-elementor-lightbox-title=\"image04\" data-e-action-hash=\"#elementor-action%3Aaction%3Dlightbox%26settings%3DeyJpZCI6MjM2MiwidXJsIjoiaHR0cHM6XC9cL3d3dy5mb3Jlc3RhbGZhZGVwYS5jb21cL2ZhZGVwYVwvd3AtY29udGVudFwvdXBsb2Fkc1wvMjAxOFwvMDhcL2ltYWdlMDQtMS5qcGciLCJzbGlkZXNob3ciOiJhbGwtZDFjMmEwZiJ9\"><br \/>\n\t\t\t\t\t\t\t\t\t\t\t\t\t\t<\/a><br \/>\n\t\t\t\t\t\t\t<a href=\"https:\/\/www.forestalfadepa.com\/fadepa\/wp-content\/uploads\/2018\/08\/image05-1.jpg\" data-elementor-open-lightbox=\"yes\" data-elementor-lightbox-slideshow=\"all-d1c2a0f\" data-elementor-lightbox-title=\"image05\" data-e-action-hash=\"#elementor-action%3Aaction%3Dlightbox%26settings%3DeyJpZCI6MjM2MywidXJsIjoiaHR0cHM6XC9cL3d3dy5mb3Jlc3RhbGZhZGVwYS5jb21cL2ZhZGVwYVwvd3AtY29udGVudFwvdXBsb2Fkc1wvMjAxOFwvMDhcL2ltYWdlMDUtMS5qcGciLCJzbGlkZXNob3ciOiJhbGwtZDFjMmEwZiJ9\"><br \/>\n\t\t\t\t\t\t\t\t\t\t\t\t\t\t<\/a><\/p>\n<h2>Organigrama Fadepa<\/h2>\n<p>\t\t\t\t\t\t\t\t\t\t\t\t\t\t\t<img loading=\"lazy\" decoding=\"async\" width=\"1024\" height=\"768\" src=\"https:\/\/www.forestalfadepa.com\/fadepa\/wp-content\/uploads\/2021\/08\/Organigrama-FADEPA-FT.png\" alt=\"\" srcset=\"https:\/\/www.forestalfadepa.com\/fadepa\/wp-content\/uploads\/2021\/08\/Organigrama-FADEPA-FT.png 1024w, https:\/\/www.forestalfadepa.com\/fadepa\/wp-content\/uploads\/2021\/08\/Organigrama-FADEPA-FT-300x225.png 300w, https:\/\/www.forestalfadepa.com\/fadepa\/wp-content\/uploads\/2021\/08\/Organigrama-FADEPA-FT-768x576.png 768w\" sizes=\"auto, (max-width: 1024px) 100vw, 1024px\" \/>\t\t\t\t\t\t\t\t\t\t\t\t\t\t\t\t<\/p>\n<h2>Cont\u00e1ctanos<\/h2>\n<p>\t\t\t\t<svg aria-hidden=\"true\" viewBox=\"0 0 384 512\" xmlns=\"http:\/\/www.w3.org\/2000\/svg\"><path d=\"M378.31 378.49L298.42 288h30.63c9.01 0 16.98-5 20.78-13.06 3.8-8.04 2.55-17.26-3.28-24.05L268.42 160h28.89c9.1 0 17.3-5.35 20.86-13.61 3.52-8.13 1.86-17.59-4.24-24.08L203.66 4.83c-6.03-6.45-17.28-6.45-23.32 0L70.06 122.31c-6.1 6.49-7.75 15.95-4.24 24.08C69.38 154.65 77.59 160 86.69 160h28.89l-78.14 90.91c-5.81 6.78-7.06 15.99-3.27 24.04C37.97 283 45.93 288 54.95 288h30.63L5.69 378.49c-6 6.79-7.36 16.09-3.56 24.26 3.75 8.05 12 13.25 21.01 13.25H160v24.45l-30.29 48.4c-5.32 10.64 2.42 23.16 14.31 23.16h95.96c11.89 0 19.63-12.52 14.31-23.16L224 440.45V416h136.86c9.01 0 17.26-5.2 21.01-13.25 3.8-8.17 2.44-17.47-3.56-24.26z\"><\/path><\/svg>\t\t\t\t<\/p>\n<h3>\n\t\t\t\t\t\t\t+56 (41) 2552842<br \/>\n\t\t\t\t\t<\/h3>\n<p>Lunes a Viernes 9:00 a 17:00<\/p>\n<p><strong>Email <\/strong>\u00a0jdepablo@forestalfadepa.com<\/p>\n","protected":false},"excerpt":{"rendered":"<p>Forestal FadepaSomos una empresa familiar, que lleva m\u00e1s de 25 a\u00f1os innovando en el rubro silv\u00edcola, con faenas presentes principalmente en la Regi\u00f3n del Biob\u00edo, reconocidos por nuestro alto est\u00e1ndares de calidad, seguridad y productividad. Cont\u00e1ctanosForestal FadepaSomos una empresa familiar, que lleva m\u00e1s de 25 a\u00f1os innovando en el rubro silv\u00edcola, con faenas presentes principalmente [&hellip;]<\/p>\n","protected":false},"author":15,"featured_media":0,"parent":0,"menu_order":0,"comment_status":"closed","ping_status":"closed","template":"","meta":{"site-sidebar-layout":"no-sidebar","site-content-layout":"page-builder","ast-site-content-layout":"default","site-content-style":"default","site-sidebar-style":"default","ast-global-header-display":"","ast-banner-title-visibility":"","ast-main-header-display":"","ast-hfb-above-header-display":"","ast-hfb-below-header-display":"","ast-hfb-mobile-header-display":"","site-post-title":"disabled","ast-breadcrumbs-content":"","ast-featured-img":"disabled","footer-sml-layout":"","ast-disable-related-posts":"","theme-transparent-header-meta":"","adv-header-id-meta":"","stick-header-meta":"","header-above-stick-meta":"","header-main-stick-meta":"","header-below-stick-meta":"","astra-migrate-meta-layouts":"default","ast-page-background-enabled":"default","ast-page-background-meta":{"desktop":{"background-color":"var(--ast-global-color-4)","background-image":"","background-repeat":"repeat","background-position":"center center","background-size":"auto","background-attachment":"scroll","background-type":"","background-media":"","overlay-type":"","overlay-color":"","overlay-opacity":"","overlay-gradient":""},"tablet":{"background-color":"","background-image":"","background-repeat":"repeat","background-position":"center center","background-size":"auto","background-attachment":"scroll","background-type":"","background-media":"","overlay-type":"","overlay-color":"","overlay-opacity":"","overlay-gradient":""},"mobile":{"background-color":"","background-image":"","background-repeat":"repeat","background-position":"center center","background-size":"auto","background-attachment":"scroll","background-type":"","background-media":"","overlay-type":"","overlay-color":"","overlay-opacity":"","overlay-gradient":""}},"ast-content-background-meta":{"desktop":{"background-color":"var(--ast-global-color-5)","background-image":"","background-repeat":"repeat","background-position":"center center","background-size":"auto","background-attachment":"scroll","background-type":"","background-media":"","overlay-type":"","overlay-color":"","overlay-opacity":"","overlay-gradient":""},"tablet":{"background-color":"var(--ast-global-color-5)","background-image":"","background-repeat":"repeat","background-position":"center center","background-size":"auto","background-attachment":"scroll","background-type":"","background-media":"","overlay-type":"","overlay-color":"","overlay-opacity":"","overlay-gradient":""},"mobile":{"background-color":"var(--ast-global-color-5)","background-image":"","background-repeat":"repeat","background-position":"center center","background-size":"auto","background-attachment":"scroll","background-type":"","background-media":"","overlay-type":"","overlay-color":"","overlay-opacity":"","overlay-gradient":""}},"footnotes":""},"class_list":["post-2310","page","type-page","status-publish","hentry"],"_links":{"self":[{"href":"https:\/\/www.forestalfadepa.com\/fadepa\/wp-json\/wp\/v2\/pages\/2310","targetHints":{"allow":["GET"]}}],"collection":[{"href":"https:\/\/www.forestalfadepa.com\/fadepa\/wp-json\/wp\/v2\/pages"}],"about":[{"href":"https:\/\/www.forestalfadepa.com\/fadepa\/wp-json\/wp\/v2\/types\/page"}],"author":[{"embeddable":true,"href":"https:\/\/www.forestalfadepa.com\/fadepa\/wp-json\/wp\/v2\/users\/15"}],"replies":[{"embeddable":true,"href":"https:\/\/www.forestalfadepa.com\/fadepa\/wp-json\/wp\/v2\/comments?post=2310"}],"version-history":[{"count":173,"href":"https:\/\/www.forestalfadepa.com\/fadepa\/wp-json\/wp\/v2\/pages\/2310\/revisions"}],"predecessor-version":[{"id":3080,"href":"https:\/\/www.forestalfadepa.com\/fadepa\/wp-json\/wp\/v2\/pages\/2310\/revisions\/3080"}],"wp:attachment":[{"href":"https:\/\/www.forestalfadepa.com\/fadepa\/wp-json\/wp\/v2\/media?parent=2310"}],"curies":[{"name":"wp","href":"https:\/\/api.w.org\/{rel}","templated":true}]}}